{"id":66,"date":"2026-03-24T18:30:18","date_gmt":"2026-03-24T18:30:18","guid":{"rendered":"https:\/\/lauchadinhos.com\/comparar\/"},"modified":"2026-04-01T21:23:09","modified_gmt":"2026-04-01T21:23:09","slug":"comparar","status":"publish","type":"page","link":"https:\/\/lauchadinhos.com\/?page_id=66","title":{"rendered":"Comparar"},"content":{"rendered":"\t\t<div data-elementor-type=\"wp-page\" data-elementor-id=\"66\" class=\"elementor elementor-66\">\n\t\t\t\t<div class=\"elementor-element elementor-element-d1fbb62 e-flex e-con-boxed e-con e-parent\" data-id=\"d1fbb62\" data-element_type=\"container\" data-e-type=\"container\">\n\t\t\t\t\t<div class=\"e-con-inner\">\n\t\t<div class=\"elementor-element elementor-element-8e8ba73 e-con-full e-flex e-con e-child\" data-id=\"8e8ba73\" data-element_type=\"container\" data-e-type=\"container\">\n\t\t\t\t<div class=\"elementor-element elementor-element-b092fdf hostinger-ai-title elementor-widget elementor-widget-heading\" data-id=\"b092fdf\" data-element_type=\"widget\" data-e-type=\"widget\" data-widget_type=\"heading.default\">\n\t\t\t\t<div class=\"elementor-widget-container\">\n\t\t\t\t\t<h1 class=\"elementor-heading-title elementor-size-default\">Compara\u00e7\u00f5es Custo\/Benef\u00edcio 2026<\/h1>\t\t\t\t<\/div>\n\t\t\t\t<\/div>\n\t\t\t\t<\/div>\n\t\t<div class=\"elementor-element elementor-element-e881ca1 e-con-full e-grid e-con e-child\" data-id=\"e881ca1\" data-element_type=\"container\" data-e-type=\"container\">\n\t\t<div class=\"elementor-element elementor-element-69fdf7a e-con-full e-flex e-con e-child\" data-id=\"69fdf7a\" data-element_type=\"container\" data-e-type=\"container\">\n\t\t\t\t<div class=\"elementor-element elementor-element-1c0d911 hostinger-ai-project-image elementor-widget__width-initial elementor-widget elementor-widget-image\" data-id=\"1c0d911\" data-element_type=\"widget\" data-e-type=\"widget\" data-widget_type=\"image.default\">\n\t\t\t\t<div class=\"elementor-widget-container\">\n\t\t\t\t\t\t\t\t\t\t\t\t\t\t\t<img fetchpriority=\"high\" decoding=\"async\" width=\"2560\" height=\"2560\" src=\"https:\/\/lauchadinhos.com\/wp-content\/uploads\/2026\/03\/pexels-photo-4225229-4225229-1-scaled.jpg\" class=\"attachment-full size-full wp-image-1639\" alt=\"Top view of modern tech gadgets including gaming controller, smartphone, keyboard, and headphones.\" srcset=\"https:\/\/lauchadinhos.com\/wp-content\/uploads\/2026\/03\/pexels-photo-4225229-4225229-1-scaled.jpg 2560w, https:\/\/lauchadinhos.com\/wp-content\/uploads\/2026\/03\/pexels-photo-4225229-4225229-1-300x300.jpg 300w, https:\/\/lauchadinhos.com\/wp-content\/uploads\/2026\/03\/pexels-photo-4225229-4225229-1-1024x1024.jpg 1024w, https:\/\/lauchadinhos.com\/wp-content\/uploads\/2026\/03\/pexels-photo-4225229-4225229-1-150x150.jpg 150w, https:\/\/lauchadinhos.com\/wp-content\/uploads\/2026\/03\/pexels-photo-4225229-4225229-1-768x768.jpg 768w, https:\/\/lauchadinhos.com\/wp-content\/uploads\/2026\/03\/pexels-photo-4225229-4225229-1-1536x1536.jpg 1536w, https:\/\/lauchadinhos.com\/wp-content\/uploads\/2026\/03\/pexels-photo-4225229-4225229-1-2048x2048.jpg 2048w, https:\/\/lauchadinhos.com\/wp-content\/uploads\/2026\/03\/pexels-photo-4225229-4225229-1-600x600.jpg 600w, https:\/\/lauchadinhos.com\/wp-content\/uploads\/2026\/03\/pexels-photo-4225229-4225229-1-100x100.jpg 100w\" sizes=\"(max-width: 2560px) 100vw, 2560px\" title=\"Comparar\">\t\t\t\t\t\t\t\t\t\t\t\t\t\t\t<\/div>\n\t\t\t\t<\/div>\n\t\t\t\t<div class=\"elementor-element elementor-element-b670b29 hostinger-ai-project-title hostinger-ai-font-bold elementor-widget elementor-widget-heading\" data-id=\"b670b29\" data-element_type=\"widget\" data-e-type=\"widget\" data-widget_type=\"heading.default\">\n\t\t\t\t<div class=\"elementor-widget-container\">\n\t\t\t\t\t<p class=\"elementor-heading-title elementor-size-default\"><a href=\"https:\/\/lauchadinhos.com\/?page_id=1667\">Eletr\u00f4nicos<\/a><\/p>\t\t\t\t<\/div>\n\t\t\t\t<\/div>\n\t\t\t\t<div class=\"elementor-element elementor-element-05530be hostinger-ai-project-description elementor-widget elementor-widget-text-editor\" data-id=\"05530be\" data-element_type=\"widget\" data-e-type=\"widget\" data-widget_type=\"text-editor.default\">\n\t\t\t\t<div class=\"elementor-widget-container\">\n\t\t\t\t\t\t\t\t\t<p>Compare os melhores pre\u00e7os e estilos em eletr\u00f4nicos pra voc\u00ea economizar.<\/p>\t\t\t\t\t\t\t\t<\/div>\n\t\t\t\t<\/div>\n\t\t<div class=\"elementor-element elementor-element-ebdf2fd e-grid e-con-full e-transform e-con e-child\" data-id=\"ebdf2fd\" data-element_type=\"container\" data-e-type=\"container\" data-settings=\"{&quot;_transform_scale_effect&quot;:{&quot;unit&quot;:&quot;px&quot;,&quot;size&quot;:&quot;&quot;,&quot;sizes&quot;:[]},&quot;_transform_scale_effect_tablet&quot;:{&quot;unit&quot;:&quot;px&quot;,&quot;size&quot;:&quot;&quot;,&quot;sizes&quot;:[]},&quot;_transform_scale_effect_mobile&quot;:{&quot;unit&quot;:&quot;px&quot;,&quot;size&quot;:&quot;&quot;,&quot;sizes&quot;:[]}}\">\n\t\t\t\t<div class=\"elementor-element elementor-element-3f26ca8 elementor-widget elementor-widget-image\" data-id=\"3f26ca8\" data-element_type=\"widget\" data-e-type=\"widget\" data-widget_type=\"image.default\">\n\t\t\t\t<div class=\"elementor-widget-container\">\n\t\t\t\t\t\t\t\t\t\t\t\t\t\t\t<img decoding=\"async\" width=\"1024\" height=\"1024\" src=\"https:\/\/lauchadinhos.com\/wp-content\/uploads\/2026\/04\/pexels-photo-16927363-16927363-1024x1024.jpg\" class=\"attachment-large size-large wp-image-1814\" alt=\"Sunlit kitchen corner with a microwave, vintage pot, and window view.\" srcset=\"https:\/\/lauchadinhos.com\/wp-content\/uploads\/2026\/04\/pexels-photo-16927363-16927363-1024x1024.jpg 1024w, https:\/\/lauchadinhos.com\/wp-content\/uploads\/2026\/04\/pexels-photo-16927363-16927363-300x300.jpg 300w, https:\/\/lauchadinhos.com\/wp-content\/uploads\/2026\/04\/pexels-photo-16927363-16927363-150x150.jpg 150w, https:\/\/lauchadinhos.com\/wp-content\/uploads\/2026\/04\/pexels-photo-16927363-16927363-768x768.jpg 768w, https:\/\/lauchadinhos.com\/wp-content\/uploads\/2026\/04\/pexels-photo-16927363-16927363-1536x1536.jpg 1536w, https:\/\/lauchadinhos.com\/wp-content\/uploads\/2026\/04\/pexels-photo-16927363-16927363-2048x2048.jpg 2048w, https:\/\/lauchadinhos.com\/wp-content\/uploads\/2026\/04\/pexels-photo-16927363-16927363-600x600.jpg 600w, https:\/\/lauchadinhos.com\/wp-content\/uploads\/2026\/04\/pexels-photo-16927363-16927363-100x100.jpg 100w\" sizes=\"(max-width: 1024px) 100vw, 1024px\" title=\"Comparar\">\t\t\t\t\t\t\t\t\t\t\t\t\t\t\t<\/div>\n\t\t\t\t<\/div>\n\t\t<div class=\"elementor-element elementor-element-7d15779 e-grid e-con-full e-transform e-con e-child\" data-id=\"7d15779\" data-element_type=\"container\" data-e-type=\"container\" data-settings=\"{&quot;_transform_translateX_effect&quot;:{&quot;unit&quot;:&quot;px&quot;,&quot;size&quot;:&quot;&quot;,&quot;sizes&quot;:[]},&quot;_transform_translateX_effect_tablet&quot;:{&quot;unit&quot;:&quot;px&quot;,&quot;size&quot;:&quot;&quot;,&quot;sizes&quot;:[]},&quot;_transform_translateX_effect_mobile&quot;:{&quot;unit&quot;:&quot;px&quot;,&quot;size&quot;:&quot;&quot;,&quot;sizes&quot;:[]},&quot;_transform_translateY_effect&quot;:{&quot;unit&quot;:&quot;px&quot;,&quot;size&quot;:&quot;&quot;,&quot;sizes&quot;:[]},&quot;_transform_translateY_effect_tablet&quot;:{&quot;unit&quot;:&quot;px&quot;,&quot;size&quot;:&quot;&quot;,&quot;sizes&quot;:[]},&quot;_transform_translateY_effect_mobile&quot;:{&quot;unit&quot;:&quot;px&quot;,&quot;size&quot;:&quot;&quot;,&quot;sizes&quot;:[]}}\">\n\t\t\t\t<div class=\"elementor-element elementor-element-04b2eb1 hostinger-ai-project-title hostinger-ai-font-bold elementor-widget elementor-widget-heading\" data-id=\"04b2eb1\" data-element_type=\"widget\" data-e-type=\"widget\" data-widget_type=\"heading.default\">\n\t\t\t\t<div class=\"elementor-widget-container\">\n\t\t\t\t\t<p class=\"elementor-heading-title elementor-size-default\"><a href=\"https:\/\/lauchadinhos.com\/?page_id=1667\">Casa<\/a><\/p>\t\t\t\t<\/div>\n\t\t\t\t<\/div>\n\t\t\t\t<div class=\"elementor-element elementor-element-e7e2cd6 elementor-widget elementor-widget-text-editor\" data-id=\"e7e2cd6\" data-element_type=\"widget\" data-e-type=\"widget\" data-widget_type=\"text-editor.default\">\n\t\t\t\t<div class=\"elementor-widget-container\">\n\t\t\t\t\t\t\t\t\t<p><span style=\"color: #000000;\">Lauchadinhos que facilitam seu dia-a-dia.<\/span><\/p>\t\t\t\t\t\t\t\t<\/div>\n\t\t\t\t<\/div>\n\t\t\t\t<\/div>\n\t\t\t\t<\/div>\n\t\t\t\t<\/div>\n\t\t<div class=\"elementor-element elementor-element-34c1c46 e-con-full e-flex e-con e-child\" data-id=\"34c1c46\" data-element_type=\"container\" data-e-type=\"container\">\n\t\t\t\t<div class=\"elementor-element elementor-element-0a265e5 hostinger-ai-project-image elementor-widget elementor-widget-image\" data-id=\"0a265e5\" data-element_type=\"widget\" data-e-type=\"widget\" data-widget_type=\"image.default\">\n\t\t\t\t<div class=\"elementor-widget-container\">\n\t\t\t\t\t\t\t\t\t\t\t\t\t\t\t<img decoding=\"async\" width=\"2560\" height=\"2560\" src=\"https:\/\/lauchadinhos.com\/wp-content\/uploads\/2026\/03\/pexels-photo-13194386-13194386.png\" class=\"attachment-full size-full wp-image-1640\" alt=\"A high-tech robot showcases advanced technology with its glowing energy sword in a futuristic setting.\" srcset=\"https:\/\/lauchadinhos.com\/wp-content\/uploads\/2026\/03\/pexels-photo-13194386-13194386.png 2560w, https:\/\/lauchadinhos.com\/wp-content\/uploads\/2026\/03\/pexels-photo-13194386-13194386-300x300.png 300w, https:\/\/lauchadinhos.com\/wp-content\/uploads\/2026\/03\/pexels-photo-13194386-13194386-1024x1024.png 1024w, https:\/\/lauchadinhos.com\/wp-content\/uploads\/2026\/03\/pexels-photo-13194386-13194386-150x150.png 150w, https:\/\/lauchadinhos.com\/wp-content\/uploads\/2026\/03\/pexels-photo-13194386-13194386-768x768.png 768w, https:\/\/lauchadinhos.com\/wp-content\/uploads\/2026\/03\/pexels-photo-13194386-13194386-1536x1536.png 1536w, https:\/\/lauchadinhos.com\/wp-content\/uploads\/2026\/03\/pexels-photo-13194386-13194386-2048x2048.png 2048w, https:\/\/lauchadinhos.com\/wp-content\/uploads\/2026\/03\/pexels-photo-13194386-13194386-600x600.png 600w, https:\/\/lauchadinhos.com\/wp-content\/uploads\/2026\/03\/pexels-photo-13194386-13194386-100x100.png 100w\" sizes=\"(max-width: 2560px) 100vw, 2560px\" title=\"Comparar\">\t\t\t\t\t\t\t\t\t\t\t\t\t\t\t<\/div>\n\t\t\t\t<\/div>\n\t\t\t\t<div class=\"elementor-element elementor-element-14b4a45 hostinger-ai-project-title hostinger-index-1 hostinger-ai-font-bold elementor-widget elementor-widget-heading\" data-id=\"14b4a45\" data-element_type=\"widget\" data-e-type=\"widget\" data-widget_type=\"heading.default\">\n\t\t\t\t<div class=\"elementor-widget-container\">\n\t\t\t\t\t<p class=\"elementor-heading-title elementor-size-default\">Utilidades e Cacarecos<\/p>\t\t\t\t<\/div>\n\t\t\t\t<\/div>\n\t\t\t\t<div class=\"elementor-element elementor-element-4e40a8a hostinger-ai-project-description hostinger-index-1 elementor-widget elementor-widget-text-editor\" data-id=\"4e40a8a\" data-element_type=\"widget\" data-e-type=\"widget\" data-widget_type=\"text-editor.default\">\n\t\t\t\t<div class=\"elementor-widget-container\">\n\t\t\t\t\t\t\t\t\t<p>Encontre aquelas coisinhas que voc\u00ea precisa, s\u00f3 ainda n\u00e3o sabia!<\/p>\t\t\t\t\t\t\t\t<\/div>\n\t\t\t\t<\/div>\n\t\t\t\t<\/div>\n\t\t<div class=\"elementor-element elementor-element-d22dc9d e-con-full e-flex e-con e-child\" data-id=\"d22dc9d\" data-element_type=\"container\" data-e-type=\"container\">\n\t\t\t\t<div class=\"elementor-element elementor-element-881510a hostinger-ai-project-image elementor-widget elementor-widget-image\" data-id=\"881510a\" data-element_type=\"widget\" data-e-type=\"widget\" data-widget_type=\"image.default\">\n\t\t\t\t<div class=\"elementor-widget-container\">\n\t\t\t\t\t\t\t\t\t\t\t\t\t\t\t<img loading=\"lazy\" decoding=\"async\" width=\"2560\" height=\"2560\" src=\"https:\/\/lauchadinhos.com\/wp-content\/uploads\/2026\/03\/pexels-photo-11179585-11179585-scaled.jpg\" class=\"attachment-full size-full wp-image-1643\" alt=\"Close-up of a woman with a face mask and hands framing her face for skincare routine.\" srcset=\"https:\/\/lauchadinhos.com\/wp-content\/uploads\/2026\/03\/pexels-photo-11179585-11179585-scaled.jpg 2560w, https:\/\/lauchadinhos.com\/wp-content\/uploads\/2026\/03\/pexels-photo-11179585-11179585-300x300.jpg 300w, https:\/\/lauchadinhos.com\/wp-content\/uploads\/2026\/03\/pexels-photo-11179585-11179585-1024x1024.jpg 1024w, https:\/\/lauchadinhos.com\/wp-content\/uploads\/2026\/03\/pexels-photo-11179585-11179585-150x150.jpg 150w, https:\/\/lauchadinhos.com\/wp-content\/uploads\/2026\/03\/pexels-photo-11179585-11179585-768x768.jpg 768w, https:\/\/lauchadinhos.com\/wp-content\/uploads\/2026\/03\/pexels-photo-11179585-11179585-1536x1536.jpg 1536w, https:\/\/lauchadinhos.com\/wp-content\/uploads\/2026\/03\/pexels-photo-11179585-11179585-2048x2048.jpg 2048w, https:\/\/lauchadinhos.com\/wp-content\/uploads\/2026\/03\/pexels-photo-11179585-11179585-600x600.jpg 600w, https:\/\/lauchadinhos.com\/wp-content\/uploads\/2026\/03\/pexels-photo-11179585-11179585-100x100.jpg 100w\" sizes=\"(max-width: 2560px) 100vw, 2560px\" title=\"Comparar\">\t\t\t\t\t\t\t\t\t\t\t\t\t\t\t<\/div>\n\t\t\t\t<\/div>\n\t\t\t\t<div class=\"elementor-element elementor-element-eddbbb6 hostinger-ai-project-title hostinger-index-2 hostinger-ai-font-bold elementor-widget elementor-widget-heading\" data-id=\"eddbbb6\" data-element_type=\"widget\" data-e-type=\"widget\" data-widget_type=\"heading.default\">\n\t\t\t\t<div class=\"elementor-widget-container\">\n\t\t\t\t\t<p class=\"elementor-heading-title elementor-size-default\">Moda e Beleza<\/p>\t\t\t\t<\/div>\n\t\t\t\t<\/div>\n\t\t\t\t<div class=\"elementor-element elementor-element-856527c hostinger-ai-project-description hostinger-index-2 elementor-widget elementor-widget-text-editor\" data-id=\"856527c\" data-element_type=\"widget\" data-e-type=\"widget\" data-widget_type=\"text-editor.default\">\n\t\t\t\t<div class=\"elementor-widget-container\">\n\t\t\t\t\t\t\t\t\t<p>Comparativos que ajudam voc\u00ea a escolher o produto ideal para voc\u00ea estar sempre linda.<\/p>\t\t\t\t\t\t\t\t<\/div>\n\t\t\t\t<\/div>\n\t\t\t\t<\/div>\n\t\t\t\t<\/div>\n\t\t\t\t\t<\/div>\n\t\t\t\t<\/div>\n\t\t<div class=\"elementor-element elementor-element-34fec43 e-flex e-con-boxed e-con e-parent\" data-id=\"34fec43\" data-element_type=\"container\" data-e-type=\"container\">\n\t\t\t\t\t<div class=\"e-con-inner\">\n\t\t\t\t\t<\/div>\n\t\t\t\t<\/div>\n\t\t<div class=\"elementor-element elementor-element-7379960 e-grid e-con-boxed e-con e-parent\" data-id=\"7379960\" data-element_type=\"container\" data-e-type=\"container\">\n\t\t\t\t\t<div class=\"e-con-inner\">\n\t\t\t\t\t<\/div>\n\t\t\t\t<\/div>\n\t\t<div class=\"elementor-element elementor-element-14d72c7 e-flex e-con-boxed e-con e-parent\" data-id=\"14d72c7\" data-element_type=\"container\" data-e-type=\"container\">\n\t\t\t\t\t<div class=\"e-con-inner\">\n\t\t\t\t<div class=\"elementor-element elementor-element-ab3bc7b elementor-widget elementor-widget-text-editor\" data-id=\"ab3bc7b\" data-element_type=\"widget\" data-e-type=\"widget\" data-widget_type=\"text-editor.default\">\n\t\t\t\t<div class=\"elementor-widget-container\">\n\t\t\t\t\t\t\t\t\t<p>Lorem ipsum dolor sit amet, consectetur adipiscing elit. Ut elit tellus, luctus nec ullamcorper mattis, pulvinar dapibus leo.<\/p>\t\t\t\t\t\t\t\t<\/div>\n\t\t\t\t<\/div>\n\t\t\t\t\t<\/div>\n\t\t\t\t<\/div>\n\t\t\t\t<\/div>\n\t\t","protected":false},"excerpt":{"rendered":"<p>Compara\u00e7\u00f5es Custo\/Benef\u00edcio 2026 Eletr\u00f4nicos Compare os melhores pre\u00e7os e estilos em eletr\u00f4nicos pra voc\u00ea economizar. Casa Lauchadinhos que facilitam seu [&hellip;]<\/p>\n","protected":false},"author":1,"featured_media":0,"parent":0,"menu_order":0,"comment_status":"closed","ping_status":"closed","template":"","meta":{"_surecart_dashboard_logo_width":"180px","_surecart_dashboard_show_logo":true,"_surecart_dashboard_navigation_orders":true,"_surecart_dashboard_navigation_invoices":true,"_surecart_dashboard_navigation_subscriptions":true,"_surecart_dashboard_navigation_downloads":true,"_surecart_dashboard_navigation_billing":true,"_surecart_dashboard_navigation_account":true,"_uag_custom_page_level_css":"","site-sidebar-layout":"no-sidebar","site-content-layout":"","ast-site-content-layout":"full-width-container","site-content-style":"default","site-sidebar-style":"default","ast-global-header-display":"","ast-banner-title-visibility":"","ast-main-header-display":"","ast-hfb-above-header-display":"","ast-hfb-below-header-display":"","ast-hfb-mobile-header-display":"","site-post-title":"disabled","ast-breadcrumbs-content":"","ast-featured-img":"disabled","footer-sml-layout":"","ast-disable-related-posts":"","theme-transparent-header-meta":"","adv-header-id-meta":"","stick-header-meta":"","header-above-stick-meta":"","header-main-stick-meta":"","header-below-stick-meta":"","astra-migrate-meta-layouts":"default","ast-page-background-enabled":"default","ast-page-background-meta":{"desktop":{"background-color":"var(--ast-global-color-5)","background-image":"","background-repeat":"repeat","background-position":"center center","background-size":"auto","background-attachment":"scroll","background-type":"","background-media":"","overlay-type":"","overlay-color":"","overlay-opacity":"","overlay-gradient":""},"tablet":{"background-color":"","background-image":"","background-repeat":"repeat","background-position":"center center","background-size":"auto","background-attachment":"scroll","background-type":"","background-media":"","overlay-type":"","overlay-color":"","overlay-opacity":"","overlay-gradient":""},"mobile":{"background-color":"","background-image":"","background-repeat":"repeat","background-position":"center center","background-size":"auto","background-attachment":"scroll","background-type":"","background-media":"","overlay-type":"","overlay-color":"","overlay-opacity":"","overlay-gradient":""}},"ast-content-background-meta":{"desktop":{"background-color":"var(--ast-global-color-4)","background-image":"","background-repeat":"repeat","background-position":"center center","background-size":"auto","background-attachment":"scroll","background-type":"","background-media":"","overlay-type":"","overlay-color":"","overlay-opacity":"","overlay-gradient":""},"tablet":{"background-color":"var(--ast-global-color-4)","background-image":"","background-repeat":"repeat","background-position":"center center","background-size":"auto","background-attachment":"scroll","background-type":"","background-media":"","overlay-type":"","overlay-color":"","overlay-opacity":"","overlay-gradient":""},"mobile":{"background-color":"var(--ast-global-color-4)","background-image":"","background-repeat":"repeat","background-position":"center center","background-size":"auto","background-attachment":"scroll","background-type":"","background-media":"","overlay-type":"","overlay-color":"","overlay-opacity":"","overlay-gradient":""}},"footnotes":""},"class_list":["post-66","page","type-page","status-publish","hentry"],"_hostinger_reach_plugin_has_subscription_block":false,"_hostinger_reach_plugin_is_elementor":false,"uagb_featured_image_src":{"full":false,"thumbnail":false,"medium":false,"medium_large":false,"large":false,"1536x1536":false,"2048x2048":false,"woocommerce_thumbnail":false,"woocommerce_single":false,"woocommerce_gallery_thumbnail":false},"uagb_author_info":{"display_name":"paulaamonteiro83@gmail.com","author_link":"https:\/\/lauchadinhos.com\/?author=1"},"uagb_comment_info":0,"uagb_excerpt":"Compara\u00e7\u00f5es Custo\/Benef\u00edcio 2026 Eletr\u00f4nicos Compare os melhores pre\u00e7os e estilos em eletr\u00f4nicos pra voc\u00ea economizar. Casa Lauchadinhos que facilitam seu [&hellip;]","_links":{"self":[{"href":"https:\/\/lauchadinhos.com\/index.php?rest_route=\/wp\/v2\/pages\/66","targetHints":{"allow":["GET"]}}],"collection":[{"href":"https:\/\/lauchadinhos.com\/index.php?rest_route=\/wp\/v2\/pages"}],"about":[{"href":"https:\/\/lauchadinhos.com\/index.php?rest_route=\/wp\/v2\/types\/page"}],"author":[{"embeddable":true,"href":"https:\/\/lauchadinhos.com\/index.php?rest_route=\/wp\/v2\/users\/1"}],"replies":[{"embeddable":true,"href":"https:\/\/lauchadinhos.com\/index.php?rest_route=%2Fwp%2Fv2%2Fcomments&post=66"}],"version-history":[{"count":19,"href":"https:\/\/lauchadinhos.com\/index.php?rest_route=\/wp\/v2\/pages\/66\/revisions"}],"predecessor-version":[{"id":1895,"href":"https:\/\/lauchadinhos.com\/index.php?rest_route=\/wp\/v2\/pages\/66\/revisions\/1895"}],"wp:attachment":[{"href":"https:\/\/lauchadinhos.com\/index.php?rest_route=%2Fwp%2Fv2%2Fmedia&parent=66"}],"curies":[{"name":"wp","href":"https:\/\/api.w.org\/{rel}","templated":true}]}}